{"id":1889,"date":"2018-02-14T13:36:29","date_gmt":"2018-02-14T11:36:29","guid":{"rendered":"https:\/\/ortopeediaarstid.ee\/?page_id=1889"},"modified":"2018-02-14T15:02:06","modified_gmt":"2018-02-14T13:02:06","slug":"esitteet","status":"publish","type":"page","link":"https:\/\/ortopeediaarstid.ee\/fi\/potilaalle\/esitteet\/","title":{"rendered":"Esitteet"},"content":{"rendered":"<p><strong><span style=\"color: #000080;\">OLKAP\u00c4\u00c4<\/span><\/strong><\/p>\n<ul>\n<li><a href=\"https:\/\/ortopeediaarstid.ee\/wp-content\/uploads\/2018\/02\/\u00d5LALIIGESE_PITSUMISE_A65_FIN_PRINT.pdf\">AHDAS\u00a0OLKAP\u00c4\u00c4<\/a><\/li>\n<li><a href=\"https:\/\/ortopeediaarstid.ee\/wp-content\/uploads\/2018\/02\/ROTAATORMANSETI_REBEND_A65_FIN_PRINT.pdf\">KIERT\u00c4J\u00c4KALVOSIMEN<\/a><a href=\"https:\/\/ortopeediaarstid.ee\/wp-content\/uploads\/2018\/02\/ROTAATORMANSETI_REBEND_A65_FIN_PRINT.pdf\"> REPE\u00c4AMAT<\/a> <a href=\"https:\/\/ortopeediaarstid.ee\/wp-content\/uploads\/2018\/02\/ROTAATORMANSETI_REBEND_A65_FIN_PRINT.pdf\">JA <\/a><a href=\"https:\/\/ortopeediaarstid.ee\/wp-content\/uploads\/2018\/02\/ROTAATORMANSETI_REBEND_A65_FIN_PRINT.pdf\">TENDINOPATIAT<\/a><\/li>\n<li><a href=\"https:\/\/ortopeediaarstid.ee\/wp-content\/uploads\/2018\/02\/\u00d5LALIIGESE_NIHESTUS_A65_FIN_PRINT.pdf\">OLKANIVELEN SIJOILTAANMENO<br \/>\n<\/a><\/li>\n<li><a href=\"https:\/\/ortopeediaarstid.ee\/wp-content\/uploads\/2018\/02\/KALTSIFITSEERUV_TENDINIIT_A65_FIN_PRINT.pdf\">KALKKEUMAN AIHEUTTAMA J\u00c4NNETULEHDUS (TENDINIITTI)<\/a><\/li>\n<li><a href=\"https:\/\/ortopeediaarstid.ee\/wp-content\/uploads\/2018\/02\/K\u00dcLMUNUD_\u00d5LG_A65_FIN_PRINT.pdf\">\u201cJ\u00c4\u00c4TYNEEN OLKAP\u00c4\u00c4N\u201d<\/a><a href=\"https:\/\/ortopeediaarstid.ee\/wp-content\/uploads\/2018\/02\/K\u00dcLMUNUD_\u00d5LG_A65_FIN_PRINT.pdf\"> OIREYHTYM\u00c4<\/a><\/li>\n<\/ul>\n<p><strong><span style=\"color: #000080;\">POLVI<\/span><\/strong><\/p>\n<ul>\n<li><a href=\"https:\/\/ortopeediaarstid.ee\/wp-content\/uploads\/2018\/02\/P\u00d5LVE_EESMINE_VALU_A65_FIN_PRINT.pdf\">POLVEN ETUOSAN KIPU<br \/>\n<\/a><\/li>\n<li><a href=\"https:\/\/ortopeediaarstid.ee\/wp-content\/uploads\/2018\/02\/EESMISE_RISTATISIDEME_REBEND_A65_FIN_PRINT.pdf\">ETURISTISITEEN REPE\u00c4M\u00c4<\/a><\/li>\n<\/ul>\n<p><span style=\"color: #000080;\"><strong>K\u00c4SI<\/strong><\/span><\/p>\n<ul>\n<li><a href=\"https:\/\/ortopeediaarstid.ee\/wp-content\/uploads\/2018\/02\/KARPAALKANALI_S\u00dcNDROOM_A65_FIN_PRINT.pdf\">RANNEKANAVAOIREYHTYM\u00c4<\/a><\/li>\n<li><a href=\"https:\/\/ortopeediaarstid.ee\/wp-content\/uploads\/2018\/02\/P\u00d6IDLA_P\u00d5HILIIGESE_ARTRIIT_A65_FIN_PRINT.pdf\">PEUKALON TYVINIVELEN ARTRIITTI<br \/>\n<\/a><\/li>\n<li><a href=\"https:\/\/ortopeediaarstid.ee\/wp-content\/uploads\/2018\/02\/EPIKOND\u00dcLIIT_A65_FIN_PRINT.pdf\">EPIKONDYLIITTI<\/a><\/li>\n<li><a href=\"https:\/\/ortopeediaarstid.ee\/wp-content\/uploads\/2018\/02\/GANGLIONTS\u00dcSTID_A65_FIN_PRINT.pdf\">GANGLIO<\/a><\/li>\n<li><a href=\"https:\/\/ortopeediaarstid.ee\/wp-content\/uploads\/2018\/02\/PERIFEERSETE_N\u00c4RVIDE_KOMPRESSIOONI_A65_FIN_PRINT.pdf\">\u00c4\u00c4REISHERMOJEN<\/a><a href=\"https:\/\/ortopeediaarstid.ee\/wp-content\/uploads\/2018\/02\/PERIFEERSETE_N\u00c4RVIDE_KOMPRESSIOONI_A65_FIN_PRINT.pdf\"> PINNEOIREYHTYM\u00c4<\/a><\/li>\n<li><a href=\"https:\/\/ortopeediaarstid.ee\/wp-content\/uploads\/2018\/02\/LABAK\u00c4E_K\u00d5\u00d5LUSE_P\u00d5LETIKUD_A65_FIN_PRINT.pdf\">K\u00c4DEN J\u00c4NTEIDEN<\/a><a href=\"https:\/\/ortopeediaarstid.ee\/wp-content\/uploads\/2018\/02\/LABAK\u00c4E_K\u00d5\u00d5LUSE_P\u00d5LETIKUD_A65_FIN_PRINT.pdf\"> TULEHDUKSET<\/a><\/li>\n<li><a href=\"https:\/\/ortopeediaarstid.ee\/wp-content\/uploads\/2018\/02\/DUPUYTRENI_KONTRAKTUUR_A65_FIN_PRINT.pdf\">DUPUYTRENIN KONTRAKTUURA<\/a><\/li>\n<li><a href=\"https:\/\/ortopeediaarstid.ee\/wp-content\/uploads\/2018\/02\/S\u00d5RMEDE_DEFORMATSIOONID_A4_FIN_PRINT.pdf\">SORMIEN VAMMAT JA VIRHEASENNOT<\/a><\/li>\n<li><a href=\"https:\/\/ortopeediaarstid.ee\/wp-content\/uploads\/2018\/02\/RANDMELIIGESE_SIDEMETE_A4_FIN_PRINT.pdf\">RANTEEN NIVELSITEIDEN VAURIOT<\/a><\/li>\n<li><a href=\"https:\/\/ortopeediaarstid.ee\/wp-content\/uploads\/2018\/02\/LODILUU_A65_FIN_PRINT.pdf\">VENELUUN MURTUMA JA PSEUDOARTROOSI<\/a><\/li>\n<\/ul>\n<p><span style=\"color: #000080;\"><strong>JALG<\/strong><\/span><\/p>\n<ul>\n<li><a href=\"https:\/\/ortopeediaarstid.ee\/wp-content\/uploads\/2018\/02\/PLANTAARFASTSIIT_A65_FIN_PRINT.pdf\">PLANTAARIFASKIITTI<\/a><\/li>\n<li><a href=\"https:\/\/ortopeediaarstid.ee\/wp-content\/uploads\/2018\/02\/KANNAK\u00d5\u00d5LUSE_TENDINOPAATIA_A65_FIN_PRINT.pdf\">AKILLESJ\u00c4NTEEN <\/a><a href=\"https:\/\/ortopeediaarstid.ee\/wp-content\/uploads\/2018\/02\/KANNAK\u00d5\u00d5LUSE_TENDINOPAATIA_A65_FIN_PRINT.pdf\">TULEHDUKSET JA<\/a> <a href=\"https:\/\/ortopeediaarstid.ee\/wp-content\/uploads\/2018\/02\/KANNAK\u00d5\u00d5LUSE_TENDINOPAATIA_A65_FIN_PRINT.pdf\">REPE\u00c4M\u00c4T<\/a><\/li>\n<li><a href=\"https:\/\/ortopeediaarstid.ee\/wp-content\/uploads\/2018\/02\/EESP\u00d6IA_DEFORMATSIOONID_A65_FIN_PRINT.pdf\">P\u00c4KI\u00c4N VIRHEASENNOT, SAIRAUDET JA HOITO<\/a><\/li>\n<li><a href=\"https:\/\/ortopeediaarstid.ee\/wp-content\/uploads\/2018\/02\/EESP\u00d6IA_DEFORMATSIOONID_A65_FIN_PRINT.pdf\">P\u00c4KI\u00c4N MUUTOKSET:<\/a><a href=\"https:\/\/ortopeediaarstid.ee\/wp-content\/uploads\/2018\/02\/EESP\u00d6IA_DEFORMATSIOONID_A65_FIN_PRINT.pdf\"> HALLUX<\/a><a href=\"https:\/\/ortopeediaarstid.ee\/wp-content\/uploads\/2018\/02\/EESP\u00d6IA_DEFORMATSIOONID_A65_FIN_PRINT.pdf\"> VALGUS, <\/a><a href=\"https:\/\/ortopeediaarstid.ee\/wp-content\/uploads\/2018\/02\/EESP\u00d6IA_DEFORMATSIOONID_A65_FIN_PRINT.pdf\">VASARAVARVAS<\/a><\/li>\n<li><a href=\"https:\/\/ortopeediaarstid.ee\/wp-content\/uploads\/2018\/02\/KESKP\u00d6IA_PATOLOOGIAD_A4_FIN_PRINT.pdf\">JALKAP\u00d6YD\u00c4N KESKIOSAN SAIRADET<\/a><\/li>\n<\/ul>\n<p><span style=\"color: #000080;\"><strong>ARTROSKOPIA<\/strong><\/span><\/p>\n<ul>\n<li><a href=\"https:\/\/ortopeediaarstid.ee\/wp-content\/uploads\/2018\/02\/ARTROSKOOPIA_A65_FIN_PRINT.pdf\">ARTROSKOPIA_<\/a><\/li>\n<li><a href=\"https:\/\/ortopeediaarstid.ee\/wp-content\/uploads\/2018\/02\/\u00d5LALIIGESE_ARTROSKOOPIA_A65_FIN_PRINT.pdf\">OLKANIVELEN\u00a0T\u00c4HYSTYS<\/a><\/li>\n<li style=\"text-align: left;\"><a href=\"https:\/\/ortopeediaarstid.ee\/wp-content\/uploads\/2018\/02\/PUUSALIIGESE_ARTROSKOOPIA_A65_FIN_PRINT.pdf\">LONKKANIVELEN\u00a0T\u00c4HYSTYS<\/a><\/li>\n<li><a href=\"https:\/\/ortopeediaarstid.ee\/wp-content\/uploads\/2018\/02\/H\u00dcPPELIIGESE_ARTROSKOOPIA_A65_FIN_PRINT.pdf\">NILKKANIVELEN\u00a0T\u00c4HYSTYS<\/a><\/li>\n<li><a href=\"https:\/\/ortopeediaarstid.ee\/wp-content\/uploads\/2018\/02\/K\u00dc\u00dcNARLIIGESE_ARTROSKOOPIA_A65_FIN_PRINT.pdf\">KYYN\u00c4RNIVELEN\u00a0T\u00c4HYSTYS<\/a><\/li>\n<li><a href=\"https:\/\/ortopeediaarstid.ee\/wp-content\/uploads\/2018\/02\/RANDMELIIGESE_ARTROSKOOPIA_A65_FIN_PRINT.pdf\">RANNENIVELEN\u00a0T\u00c4HYSTYS<\/a><\/li>\n<\/ul>\n<p><span style=\"color: #000080;\"><b>TEKONIVELLEIKKAUS<\/b><\/span><\/p>\n<ul>\n<li><a href=\"https:\/\/ortopeediaarstid.ee\/wp-content\/uploads\/2018\/02\/PUUSALIIGESE_ENDOPROTEESIMINE_A65_FIN_PRINT.pdf\">LONKAN\u00a0TEKONIVELLEIKKAUS<\/a><\/li>\n<li><a href=\"https:\/\/ortopeediaarstid.ee\/wp-content\/uploads\/2018\/02\/P\u00d5LVELIIGESE_ENDOPROTEESIMINE_A65_FIN_PRINT.pdf\">POLVEN\u00a0TEKONIVELLEIKKAUS<\/a><\/li>\n<\/ul>\n<p><span style=\"color: #000080;\"><strong>PISTOKSET<br \/>\n<\/strong><\/span><\/p>\n<ul>\n<li><a href=\"https:\/\/ortopeediaarstid.ee\/wp-content\/uploads\/2018\/02\/PRP_PLASMAS\u00dcSTID_A4_FIN_PRINT.pdf\">VERIPLASMAHOITO<\/a><\/li>\n<li><a href=\"https:\/\/ortopeediaarstid.ee\/wp-content\/uploads\/2018\/02\/HORMOONS\u00dcSTID_A65_FIN_PRINT.pdf\">HORMONIPISTOKSET<\/a><\/li>\n<\/ul>\n","protected":false},"excerpt":{"rendered":"<p>OLKAP\u00c4\u00c4 AHDAS\u00a0OLKAP\u00c4\u00c4 KIERT\u00c4J\u00c4KALVOSIMEN REPE\u00c4AMAT JA TENDINOPATIAT OLKANIVELEN SIJOILTAANMENO KALKKEUMAN AIHEUTTAMA&#8230;<\/p>\n","protected":false},"author":7,"featured_media":0,"parent":734,"menu_order":7,"comment_status":"closed","ping_status":"closed","template":"","meta":{"_acf_changed":false,"footnotes":""},"class_list":["post-1889","page","type-page","status-publish","hentry"],"acf":[],"aioseo_notices":[],"_links":{"self":[{"href":"https:\/\/ortopeediaarstid.ee\/fi\/wp-json\/wp\/v2\/pages\/1889","targetHints":{"allow":["GET"]}}],"collection":[{"href":"https:\/\/ortopeediaarstid.ee\/fi\/wp-json\/wp\/v2\/pages"}],"about":[{"href":"https:\/\/ortopeediaarstid.ee\/fi\/wp-json\/wp\/v2\/types\/page"}],"author":[{"embeddable":true,"href":"https:\/\/ortopeediaarstid.ee\/fi\/wp-json\/wp\/v2\/users\/7"}],"replies":[{"embeddable":true,"href":"https:\/\/ortopeediaarstid.ee\/fi\/wp-json\/wp\/v2\/comments?post=1889"}],"version-history":[{"count":3,"href":"https:\/\/ortopeediaarstid.ee\/fi\/wp-json\/wp\/v2\/pages\/1889\/revisions"}],"predecessor-version":[{"id":2030,"href":"https:\/\/ortopeediaarstid.ee\/fi\/wp-json\/wp\/v2\/pages\/1889\/revisions\/2030"}],"up":[{"embeddable":true,"href":"https:\/\/ortopeediaarstid.ee\/fi\/wp-json\/wp\/v2\/pages\/734"}],"wp:attachment":[{"href":"https:\/\/ortopeediaarstid.ee\/fi\/wp-json\/wp\/v2\/media?parent=1889"}],"curies":[{"name":"wp","href":"https:\/\/api.w.org\/{rel}","templated":true}]}}