{"id":2213,"date":"2018-06-19T11:12:32","date_gmt":"2018-06-19T08:12:32","guid":{"rendered":"https:\/\/ortopeediaarstid.ee\/?page_id=2213"},"modified":"2025-11-11T16:14:58","modified_gmt":"2025-11-11T14:14:58","slug":"henkilotietojen-kasittelya-koskevat-periaatteet","status":"publish","type":"page","link":"https:\/\/ortopeediaarstid.ee\/fi\/potilaalle\/henkilotietojen-kasittelya-koskevat-periaatteet\/","title":{"rendered":"HENKIL\u00d6TIETOJEN K\u00c4SITTELY\u00c4 KOSKEVAT PERIAATTEET"},"content":{"rendered":"\n<ul>\n  <li><a href=\"https:\/\/www.confido.ee\/en\/terms-and-conditions\/\">K\u00e4ytt\u00f6ehdot<\/li><\/a>\n<li><a href=\"https:\/\/www.confido.ee\/en\/terms-and-conditions\/\">Tietosuojak\u00e4yt\u00e4nt\u00f6<\/li><\/a>\n<li><a href=\"https:\/\/www.confido.ee\/en\/terms-and-conditions\/\">Ev\u00e4steiden k\u00e4ytt\u00f6<\/li><\/a>\n<li><a href=\"https:\/\/www.confido.ee\/en\/terms-and-conditions\/\">Toimiluvat<\/li><\/a>\n<\/ul>\n\n","protected":false},"excerpt":{"rendered":"<p>K\u00e4ytt\u00f6ehdot Tietosuojak\u00e4yt\u00e4nt\u00f6 Ev\u00e4steiden k\u00e4ytt\u00f6 Toimiluvat<\/p>\n","protected":false},"author":7,"featured_media":0,"parent":734,"menu_order":8,"comment_status":"closed","ping_status":"closed","template":"","meta":{"_acf_changed":false,"footnotes":""},"class_list":["post-2213","page","type-page","status-publish","hentry"],"acf":[],"aioseo_notices":[],"_links":{"self":[{"href":"https:\/\/ortopeediaarstid.ee\/fi\/wp-json\/wp\/v2\/pages\/2213","targetHints":{"allow":["GET"]}}],"collection":[{"href":"https:\/\/ortopeediaarstid.ee\/fi\/wp-json\/wp\/v2\/pages"}],"about":[{"href":"https:\/\/ortopeediaarstid.ee\/fi\/wp-json\/wp\/v2\/types\/page"}],"author":[{"embeddable":true,"href":"https:\/\/ortopeediaarstid.ee\/fi\/wp-json\/wp\/v2\/users\/7"}],"replies":[{"embeddable":true,"href":"https:\/\/ortopeediaarstid.ee\/fi\/wp-json\/wp\/v2\/comments?post=2213"}],"version-history":[{"count":3,"href":"https:\/\/ortopeediaarstid.ee\/fi\/wp-json\/wp\/v2\/pages\/2213\/revisions"}],"predecessor-version":[{"id":4137,"href":"https:\/\/ortopeediaarstid.ee\/fi\/wp-json\/wp\/v2\/pages\/2213\/revisions\/4137"}],"up":[{"embeddable":true,"href":"https:\/\/ortopeediaarstid.ee\/fi\/wp-json\/wp\/v2\/pages\/734"}],"wp:attachment":[{"href":"https:\/\/ortopeediaarstid.ee\/fi\/wp-json\/wp\/v2\/media?parent=2213"}],"curies":[{"name":"wp","href":"https:\/\/api.w.org\/{rel}","templated":true}]}}