{"id":746,"date":"2017-03-20T17:52:46","date_gmt":"2017-03-20T15:52:46","guid":{"rendered":"https:\/\/ortopeediaarstid.ee\/potilaalle\/your-referral\/"},"modified":"2025-11-11T16:17:50","modified_gmt":"2025-11-11T14:17:50","slug":"vastaanotto","status":"publish","type":"page","link":"https:\/\/ortopeediaarstid.ee\/fi\/potilaalle\/vastaanotto\/","title":{"rendered":"Vastaanotto"},"content":{"rendered":"<p>Sairaalaan vastaanotolle p\u00e4\u00e4semiseksi vaaditaan ennakkoilmoittautuminen. Vastaanotolle voi varata ajan puhelimitse soittamalla arkip\u00e4ivisin klinikan numeroon +372 6299 277 tai <a href=\"https:\/\/www.confido.ee\/en\/specialties\/orthopedics\/consultations\/orthopedist\/\">internetin kautta<\/a>.<\/p>\n","protected":false},"excerpt":{"rendered":"<p>Sairaalaan vastaanotolle p\u00e4\u00e4semiseksi vaaditaan ennakkoilmoittautuminen. Vastaanotolle voi varata ajan puhelimitse&#8230;<\/p>\n","protected":false},"author":7,"featured_media":0,"parent":734,"menu_order":0,"comment_status":"closed","ping_status":"closed","template":"","meta":{"_acf_changed":false,"footnotes":""},"class_list":["post-746","page","type-page","status-publish","hentry"],"acf":[],"aioseo_notices":[],"_links":{"self":[{"href":"https:\/\/ortopeediaarstid.ee\/fi\/wp-json\/wp\/v2\/pages\/746","targetHints":{"allow":["GET"]}}],"collection":[{"href":"https:\/\/ortopeediaarstid.ee\/fi\/wp-json\/wp\/v2\/pages"}],"about":[{"href":"https:\/\/ortopeediaarstid.ee\/fi\/wp-json\/wp\/v2\/types\/page"}],"author":[{"embeddable":true,"href":"https:\/\/ortopeediaarstid.ee\/fi\/wp-json\/wp\/v2\/users\/7"}],"replies":[{"embeddable":true,"href":"https:\/\/ortopeediaarstid.ee\/fi\/wp-json\/wp\/v2\/comments?post=746"}],"version-history":[{"count":6,"href":"https:\/\/ortopeediaarstid.ee\/fi\/wp-json\/wp\/v2\/pages\/746\/revisions"}],"predecessor-version":[{"id":4139,"href":"https:\/\/ortopeediaarstid.ee\/fi\/wp-json\/wp\/v2\/pages\/746\/revisions\/4139"}],"up":[{"embeddable":true,"href":"https:\/\/ortopeediaarstid.ee\/fi\/wp-json\/wp\/v2\/pages\/734"}],"wp:attachment":[{"href":"https:\/\/ortopeediaarstid.ee\/fi\/wp-json\/wp\/v2\/media?parent=746"}],"curies":[{"name":"wp","href":"https:\/\/api.w.org\/{rel}","templated":true}]}}