{"id":791,"date":"2017-03-27T13:50:17","date_gmt":"2017-03-27T10:50:17","guid":{"rendered":"https:\/\/ortopeediaarstid.ee\/kontaktid\/"},"modified":"2025-11-11T16:22:03","modified_gmt":"2025-11-11T14:22:03","slug":"yhteystiedot","status":"publish","type":"page","link":"https:\/\/ortopeediaarstid.ee\/fi\/yhteystiedot\/","title":{"rendered":"Yhteystiedot"},"content":{"rendered":"<p><strong>AS Arstikeskus Confido<\/strong><br \/>\n<strong>Osoite<\/strong>: Veerenni 51, Tallinn<br \/>\n<strong>Puhelin<\/strong>:\u00a0<span class=\"skype_pnh_print_container\">+372 6299 277<br \/>\n<\/span><strong>E\u2013post<\/strong>: <a href=\"mailto:info@confido.ee\">info@confido.ee<\/a><strong><br \/>\n<\/strong><\/p>\n<p>Klinikan vastaanotto on 2. kerroksessa osoitteessa <a href=\"https:\/\/www.confido.ee\/en\/contact\/\">Veerenni 51, Tallinn<\/a>.<\/p>\n<p>Klinikan kirurginen hoito ja laitoshoito j\u00e4rjestet\u00e4\u00e4n Tallinnassa Magdaleenan sairaalassa osoitteessa P\u00e4rnu mnt 104.<\/p>\n","protected":false},"excerpt":{"rendered":"<p>AS Arstikeskus Confido Osoite: Veerenni 51, Tallinn Puhelin:\u00a0+372 6299 277&#8230;<\/p>\n","protected":false},"author":7,"featured_media":0,"parent":0,"menu_order":5,"comment_status":"closed","ping_status":"closed","template":"contacts.php","meta":{"_acf_changed":false,"footnotes":""},"class_list":["post-791","page","type-page","status-publish","hentry"],"acf":[],"aioseo_notices":[],"_links":{"self":[{"href":"https:\/\/ortopeediaarstid.ee\/fi\/wp-json\/wp\/v2\/pages\/791","targetHints":{"allow":["GET"]}}],"collection":[{"href":"https:\/\/ortopeediaarstid.ee\/fi\/wp-json\/wp\/v2\/pages"}],"about":[{"href":"https:\/\/ortopeediaarstid.ee\/fi\/wp-json\/wp\/v2\/types\/page"}],"author":[{"embeddable":true,"href":"https:\/\/ortopeediaarstid.ee\/fi\/wp-json\/wp\/v2\/users\/7"}],"replies":[{"embeddable":true,"href":"https:\/\/ortopeediaarstid.ee\/fi\/wp-json\/wp\/v2\/comments?post=791"}],"version-history":[{"count":7,"href":"https:\/\/ortopeediaarstid.ee\/fi\/wp-json\/wp\/v2\/pages\/791\/revisions"}],"predecessor-version":[{"id":4144,"href":"https:\/\/ortopeediaarstid.ee\/fi\/wp-json\/wp\/v2\/pages\/791\/revisions\/4144"}],"wp:attachment":[{"href":"https:\/\/ortopeediaarstid.ee\/fi\/wp-json\/wp\/v2\/media?parent=791"}],"curies":[{"name":"wp","href":"https:\/\/api.w.org\/{rel}","templated":true}]}}