{"id":825,"date":"2017-03-20T23:39:18","date_gmt":"2017-03-20T21:39:18","guid":{"rendered":"https:\/\/ortopeediaarstid.ee\/sairaalasta\/uldinfo\/"},"modified":"2025-11-11T16:19:08","modified_gmt":"2025-11-11T14:19:08","slug":"sairaalasta","status":"publish","type":"page","link":"https:\/\/ortopeediaarstid.ee\/fi\/sairaalasta\/sairaalasta\/","title":{"rendered":"Sairaalasta"},"content":{"rendered":"<p class=\"p1\">Tarjoamme korkealaatuisia hoitoja ja ortopedisi\u00e4 palveluja. Klinikan toiminta on kansainv\u00e4listen standardien mukaista ja siten innovatiivista ja todistetusti tehokasta.<\/p>\n<p class=\"p1\">Sairaala tarjoaa palveluja sek\u00e4 Viron sairausvakuutuskassan vakuuttamille ett\u00e4 itse hoitonsa maksaville asiakkaille. Sairaala panostaa laatuun, mik\u00e4 takaa parhaan hoitopalvelun kaikille potilaille riippumatta siit\u00e4, kuka heid\u00e4n hoitonsa maksaa.<\/p>\n","protected":false},"excerpt":{"rendered":"<p>Tarjoamme korkealaatuisia hoitoja ja ortopedisi\u00e4 palveluja. Klinikan toiminta on kansainv\u00e4listen&#8230;<\/p>\n","protected":false},"author":7,"featured_media":0,"parent":816,"menu_order":0,"comment_status":"closed","ping_status":"closed","template":"","meta":{"_acf_changed":false,"footnotes":""},"class_list":["post-825","page","type-page","status-publish","hentry"],"acf":[],"aioseo_notices":[],"_links":{"self":[{"href":"https:\/\/ortopeediaarstid.ee\/fi\/wp-json\/wp\/v2\/pages\/825","targetHints":{"allow":["GET"]}}],"collection":[{"href":"https:\/\/ortopeediaarstid.ee\/fi\/wp-json\/wp\/v2\/pages"}],"about":[{"href":"https:\/\/ortopeediaarstid.ee\/fi\/wp-json\/wp\/v2\/types\/page"}],"author":[{"embeddable":true,"href":"https:\/\/ortopeediaarstid.ee\/fi\/wp-json\/wp\/v2\/users\/7"}],"replies":[{"embeddable":true,"href":"https:\/\/ortopeediaarstid.ee\/fi\/wp-json\/wp\/v2\/comments?post=825"}],"version-history":[{"count":3,"href":"https:\/\/ortopeediaarstid.ee\/fi\/wp-json\/wp\/v2\/pages\/825\/revisions"}],"predecessor-version":[{"id":4140,"href":"https:\/\/ortopeediaarstid.ee\/fi\/wp-json\/wp\/v2\/pages\/825\/revisions\/4140"}],"up":[{"embeddable":true,"href":"https:\/\/ortopeediaarstid.ee\/fi\/wp-json\/wp\/v2\/pages\/816"}],"wp:attachment":[{"href":"https:\/\/ortopeediaarstid.ee\/fi\/wp-json\/wp\/v2\/media?parent=825"}],"curies":[{"name":"wp","href":"https:\/\/api.w.org\/{rel}","templated":true}]}}