{"id":1742,"date":"2018-02-12T11:35:29","date_gmt":"2018-02-12T09:35:29","guid":{"rendered":"https:\/\/ortopeediaarstid.ee\/?page_id=1742"},"modified":"2022-12-27T09:28:48","modified_gmt":"2022-12-27T07:28:48","slug":"%d0%b8%d0%bd%d1%84%d0%be%d1%80%d0%bc%d0%b0%d1%86%d0%b8%d0%be%d0%bd%d0%bd%d1%8b%d0%b5-%d0%bb%d0%b8%d1%81%d1%82%d1%8b","status":"publish","type":"page","link":"https:\/\/ortopeediaarstid.ee\/ru\/patients\/%d0%b8%d0%bd%d1%84%d0%be%d1%80%d0%bc%d0%b0%d1%86%d0%b8%d0%be%d0%bd%d0%bd%d1%8b%d0%b5-%d0%bb%d0%b8%d1%81%d1%82%d1%8b\/","title":{"rendered":"\u0418\u043d\u0444\u043e\u0440\u043c\u0430\u0446\u0438\u043e\u043d\u043d\u044b\u0435 \u043b\u0438\u0441\u0442\u044b"},"content":{"rendered":"<p><span style=\"color: #000080;\"><strong>\u041f\u041b\u0415\u0427\u041e<\/strong><\/span><\/p>\n<ul>\n<li><a href=\"https:\/\/ortopeediaarstid.ee\/wp-content\/uploads\/2018\/02\/\u00d5LALIIGESE_PITSUMISE_A65_VENE_PRINT.pdf\">\u0421\u0418\u041d\u0414\u0420\u041e\u041c \u0423\u0429\u0415\u041c\u041b\u0415\u041d\u0418\u042f<\/a> <a href=\"https:\/\/ortopeediaarstid.ee\/wp-content\/uploads\/2018\/02\/\u00d5LALIIGESE_PITSUMISE_A65_VENE_PRINT.pdf\">\u041f\u041b\u0415\u0427\u0415\u0412\u041e\u0413\u041e<\/a><a href=\"https:\/\/ortopeediaarstid.ee\/wp-content\/uploads\/2018\/02\/\u00d5LALIIGESE_PITSUMISE_A65_VENE_PRINT.pdf\"> \u0421\u0423\u0421\u0422\u0410\u0412\u0410<\/a><\/li>\n<li><a href=\"https:\/\/ortopeediaarstid.ee\/wp-content\/uploads\/2018\/02\/ROTAATORMANSETI_REBEND_A65_VENE_PRINT.pdf\">\u0420\u0410\u0417\u0420\u042b\u0412\u042b \u0420\u041e\u0422\u0410\u0422\u041e\u0420\u041d\u041e\u0419<\/a><a href=\"https:\/\/ortopeediaarstid.ee\/wp-content\/uploads\/2018\/02\/ROTAATORMANSETI_REBEND_A65_VENE_PRINT.pdf\"> \u041c\u0410\u041d\u0416\u0415\u0422\u042b \u0418 \u0422\u0415\u041d\u0414\u0418\u041d\u041e\u041f\u0410\u0422\u0418\u042f<\/a><\/li>\n<li><a href=\"https:\/\/ortopeediaarstid.ee\/wp-content\/uploads\/2018\/02\/\u00d5LALIIGESE_NIHESTUS_A65_VENE_PRINT.pdf\">\u0412\u042b\u0412\u0418\u0425 \u041f\u041b\u0415\u0427\u0415\u0412\u041e\u0413\u041e<\/a><a href=\"https:\/\/ortopeediaarstid.ee\/wp-content\/uploads\/2018\/02\/\u00d5LALIIGESE_NIHESTUS_A65_VENE_PRINT.pdf\"> \u0421\u0423\u0421\u0422\u0410\u0412\u0410<\/a><\/li>\n<li><a href=\"https:\/\/ortopeediaarstid.ee\/wp-content\/uploads\/2018\/02\/KALTSIFITSEERUV_TENDINIIT_A65_VENE_PRINT.pdf\">\u041a\u0410\u041b\u042c\u0426\u0418\u0424\u0418\u0426\u0418\u0420\u0423\u042e\u0429\u0418\u0419<\/a><a href=\"https:\/\/ortopeediaarstid.ee\/wp-content\/uploads\/2018\/02\/KALTSIFITSEERUV_TENDINIIT_A65_VENE_PRINT.pdf\"> \u0422\u0415\u041d\u0414\u0418\u041d\u0418\u0422<\/a><\/li>\n<li><a href=\"https:\/\/ortopeediaarstid.ee\/wp-content\/uploads\/2018\/02\/K\u00dcLMUNUD_\u00d5LG_A65_RU_PRINT.pdf\">\u0421\u0418\u041d\u0414\u0420\u041e\u041c \u00ab\u0417\u0410\u041c\u041e\u0420\u041e\u0416\u0415\u041d\u041d\u041e\u0413\u041e \u041f\u041b\u0415\u0427\u0410\u00bb<\/a><\/li>\n<\/ul>\n<p><span style=\"color: #000080;\"><strong>\u041a\u041e\u041b\u0415\u041d\u041e<\/strong><\/span><\/p>\n<ul>\n<li><a href=\"https:\/\/ortopeediaarstid.ee\/wp-content\/uploads\/2018\/02\/P\u00d5LVE_EESMINE_VALU_A65_VENE_PRINT.pdf\">\u0411\u041e\u041b\u042c \u0412 \u041f\u0415\u0420\u0415\u0414\u041d\u0415\u0419 \u0427\u0410\u0421\u0422\u0418 \u041a\u041e\u041b\u0415\u041d\u0410<\/a><\/li>\n<li><a href=\"https:\/\/ortopeediaarstid.ee\/wp-content\/uploads\/2018\/02\/EESMISE_RISTATISIDEME_REBEND_A65_VENE_PRINT.pdf\">\u0420\u0410\u0417\u0420\u042b\u0412 \u041f\u0415\u0420\u0415\u0414\u041d\u0415\u0419<\/a><a href=\"https:\/\/ortopeediaarstid.ee\/wp-content\/uploads\/2018\/02\/EESMISE_RISTATISIDEME_REBEND_A65_VENE_PRINT.pdf\"> \u041a\u0420\u0415\u0421\u0422\u041e\u041e\u0411\u0420\u0410\u0417\u041d\u041e\u0419 \u0421\u0412\u042f\u0417\u041a\u0418<\/a><\/li>\n<\/ul>\n<p><span style=\"color: #000080;\"><strong>\u0420\u0423\u041a\u0410<\/strong><\/span><\/p>\n<ul>\n<li><a href=\"https:\/\/ortopeediaarstid.ee\/wp-content\/uploads\/2018\/02\/KARPAALKANALI_S\u00dcNDROOM_A65_VENE_PRINT.pdf\">\u0421\u0418\u041d\u0414\u0420\u041e\u041c<\/a> <a href=\"https:\/\/ortopeediaarstid.ee\/wp-content\/uploads\/2018\/02\/KARPAALKANALI_S\u00dcNDROOM_A65_VENE_PRINT.pdf\">\u041a\u0410\u0420\u041f\u0410\u041b\u042c\u041d\u041e\u0413\u041e \u041a\u0410\u041d\u0410\u041b\u0410<\/a><\/li>\n<li><a href=\"https:\/\/ortopeediaarstid.ee\/wp-content\/uploads\/2018\/02\/P\u00d6IDLA_P\u00d5HILIIGESE_ARTRIIT_A65_VENE_PRINT.pdf\">\u0410\u0420\u0422\u0420\u0418\u0422 \u041e\u0421\u041d\u041e\u0412\u041d\u041e\u0413\u041e \u0421\u0423\u0421\u0422\u0410\u0412\u0410 \u0411\u041e\u041b\u042c\u0428\u041e\u0413\u041e \u041f\u0410\u041b\u042c\u0426\u0410<\/a><\/li>\n<li><a href=\"https:\/\/ortopeediaarstid.ee\/wp-content\/uploads\/2018\/02\/EPIKOND\u00dcLIIT_A65_VENE_PRINT.pdf\">\u042d\u041f\u0418\u041a\u041e\u041d\u0414\u0418\u041b\u0418\u0422<\/a><\/li>\n<li><a href=\"https:\/\/ortopeediaarstid.ee\/wp-content\/uploads\/2018\/02\/GANGLIONTS\u00dcSTID_A65_VENE_PRINT.pdf\">\u0413\u0410\u041d\u0413\u041b\u0418\u041e\u0417\u041d\u042b\u0415<\/a><a href=\"https:\/\/ortopeediaarstid.ee\/wp-content\/uploads\/2018\/02\/GANGLIONTS\u00dcSTID_A65_VENE_PRINT.pdf\"> \u041a\u0418\u0421\u0422\u042b<\/a><\/li>\n<li><a href=\"https:\/\/ortopeediaarstid.ee\/wp-content\/uploads\/2018\/02\/PERIFEERSETE_N\u00c4RVIDE_KOMPRESSIOONI_A65_VENE_PRINT.pdf\">C\u0418\u041d\u0414\u0420\u041e\u041c\u042b<\/a> <a href=\"https:\/\/ortopeediaarstid.ee\/wp-content\/uploads\/2018\/02\/PERIFEERSETE_N\u00c4RVIDE_KOMPRESSIOONI_A65_VENE_PRINT.pdf\">\u041a\u041e\u041c\u041f\u0420\u0415\u0421\u0421\u0418\u0418<\/a><a href=\"https:\/\/ortopeediaarstid.ee\/wp-content\/uploads\/2018\/02\/PERIFEERSETE_N\u00c4RVIDE_KOMPRESSIOONI_A65_VENE_PRINT.pdf\"> \u041d\u0415\u0420\u0412\u0410<\/a><\/li>\n<li><a href=\"https:\/\/ortopeediaarstid.ee\/wp-content\/uploads\/2018\/02\/LABAK\u00c4E_K\u00d5\u00d5LUSE_P\u00d5LETIKUD_A65_VENE_PRINT.pdf\">\u0412\u041e\u0421\u041f\u0410\u041b\u0415\u041d\u0418\u042f<\/a><a href=\"https:\/\/ortopeediaarstid.ee\/wp-content\/uploads\/2018\/02\/LABAK\u00c4E_K\u00d5\u00d5LUSE_P\u00d5LETIKUD_A65_VENE_PRINT.pdf\"> \u0421\u0423\u0425\u041e\u0416\u0418\u041b\u0418\u0419 \u041a\u0418\u0421\u0422\u0418<\/a><\/li>\n<li><a href=\"https:\/\/ortopeediaarstid.ee\/wp-content\/uploads\/2018\/02\/DUPUYTRENI_KONTRAKTUUR_A65_VENE_PRINT.pdf\">\u041a\u041e\u041d\u0422\u0420\u0410\u041a\u0422\u0423\u0420\u0410 \u0414\u042e\u041f\u042e\u0418\u0422\u0420\u0415\u041d\u0410<\/a><\/li>\n<li><a href=\"https:\/\/ortopeediaarstid.ee\/wp-content\/uploads\/2018\/02\/S\u00d5RMEDE_DEFORMATSIOONID_A65_RU_PRINT.pdf\">\u0422\u0420\u0410\u0412\u041c\u042b \u0418 \u0414\u0415\u0424\u041e\u0420\u041c\u0410\u0426\u0418\u0418<\/a> <a href=\"https:\/\/ortopeediaarstid.ee\/wp-content\/uploads\/2018\/02\/S\u00d5RMEDE_DEFORMATSIOONID_A65_RU_PRINT.pdf\">\u041f\u0410\u041b\u042c\u0426\u0415\u0412<\/a><\/li>\n<li><a href=\"https:\/\/ortopeediaarstid.ee\/wp-content\/uploads\/2018\/02\/RANDMELIIGESE_SIDEMETE_VIGASTUSED_A65_RU_PRINT.pdf\">\u041f\u041e\u0412\u0420\u0415\u0416\u0414\u0415\u041d\u0418\u042f \u0421\u0412\u042f\u0417\u041e\u041a<\/a> <a href=\"https:\/\/ortopeediaarstid.ee\/wp-content\/uploads\/2018\/02\/RANDMELIIGESE_SIDEMETE_VIGASTUSED_A65_RU_PRINT.pdf\">\u0412<\/a><a href=\"https:\/\/ortopeediaarstid.ee\/wp-content\/uploads\/2018\/02\/RANDMELIIGESE_SIDEMETE_VIGASTUSED_A65_RU_PRINT.pdf\"> \u041e\u0411\u041b\u0410\u0421\u0422\u0418 \u0417\u0410\u041f\u042f\u0421\u0422\u042c\u042f<\/a><\/li>\n<li><a href=\"https:\/\/ortopeediaarstid.ee\/wp-content\/uploads\/2018\/02\/LODILUU_A65_RU_PRINT.pdf\">\u041f\u0415\u0420\u0415\u041b\u041e\u041c \u0418 \u041b\u041e\u0416\u041d\u042b\u0419<\/a><a href=\"https:\/\/ortopeediaarstid.ee\/wp-content\/uploads\/2018\/02\/LODILUU_A65_RU_PRINT.pdf\"> \u0421\u0423\u0421\u0422\u0410\u0412 \u041b\u0410\u0414\u042c\u0415\u0412\u0418\u0414\u041d\u041e\u0419 \u041a\u041e\u0421\u0422\u0418<\/a><\/li>\n<\/ul>\n<p><span style=\"color: #000080;\"><strong>\u041d\u041e\u0413\u0410<\/strong><\/span><\/p>\n<ul>\n<li><a href=\"https:\/\/ortopeediaarstid.ee\/wp-content\/uploads\/2018\/02\/PLANTAARFASTSIIT_A65_VENE_PRINT.pdf\">\u041f\u041b\u0410\u041d\u0422\u0410\u0420\u041d\u042b\u0419<\/a><a href=\"https:\/\/ortopeediaarstid.ee\/wp-content\/uploads\/2018\/02\/PLANTAARFASTSIIT_A65_VENE_PRINT.pdf\"> (\u041f\u041e\u0414\u041e\u0428\u0412\u0415\u041d\u041d\u042b\u0419)<\/a> <a href=\"https:\/\/ortopeediaarstid.ee\/wp-content\/uploads\/2018\/02\/PLANTAARFASTSIIT_A65_VENE_PRINT.pdf\">\u0424\u0410\u0421\u0426\u0418\u0418\u0422<\/a><\/li>\n<li><a href=\"https:\/\/ortopeediaarstid.ee\/wp-content\/uploads\/2018\/02\/KANNAK\u00d5\u00d5LUSE_TENDINOPAATIA_A65_VENE_PRINT.pdf\">\u041f\u042f\u0422\u041e\u0427\u041d\u041e\u0415 \u0421\u0423\u0425\u041e\u0416\u0418\u041b\u0418\u0415:<\/a><a href=\"https:\/\/ortopeediaarstid.ee\/wp-content\/uploads\/2018\/02\/KANNAK\u00d5\u00d5LUSE_TENDINOPAATIA_A65_VENE_PRINT.pdf\"> \u0422\u0415\u041d\u0414\u0418\u041d\u041e\u041f\u0410\u0422\u0418\u0418 \u0418<\/a> <a href=\"https:\/\/ortopeediaarstid.ee\/wp-content\/uploads\/2018\/02\/KANNAK\u00d5\u00d5LUSE_TENDINOPAATIA_A65_VENE_PRINT.pdf\">\u0420\u0410\u0417\u0420\u042b\u0412\u042b<\/a><\/li>\n<li><a href=\"https:\/\/ortopeediaarstid.ee\/wp-content\/uploads\/2018\/02\/EESP\u00d6IA_DEFORMATSIOONID_A65_RU_PRINT.pdf\">\u0414\u0415\u0424\u041e\u0420\u041c\u0410\u0426\u0418\u0418 \u0418 \u0411\u041e\u041b\u0415\u0417\u041d\u0415\u041d\u041d\u042b\u0415<\/a><a href=\"https:\/\/ortopeediaarstid.ee\/wp-content\/uploads\/2018\/02\/EESP\u00d6IA_DEFORMATSIOONID_A65_RU_PRINT.pdf\"> \u0421\u041e\u0421\u0422\u041e\u042f\u041d\u0418\u042f \u041f\u0415\u0420\u0415\u0414\u041d\u0415\u0413\u041e \u041e\u0422\u0414\u0415\u041b\u0410 \u0421\u0422\u041e\u041f\u042b<\/a><\/li>\n<li><a href=\"https:\/\/ortopeediaarstid.ee\/wp-content\/uploads\/2018\/02\/HALLUX_A65_RU_PRINT.pdf\">\u0418\u0417\u041c\u0415\u041d\u0415\u041d\u0418\u042f \u0412 \u041f\u0415\u0420\u0415\u0414\u041d\u0415\u041c<\/a><a href=\"https:\/\/ortopeediaarstid.ee\/wp-content\/uploads\/2018\/02\/HALLUX_A65_RU_PRINT.pdf\"> \u041e\u0422\u0414\u0415\u041b\u0415 \u0421\u0422\u041e\u041f\u042b: HALLUX VALGUS, <\/a><a href=\"https:\/\/ortopeediaarstid.ee\/wp-content\/uploads\/2018\/02\/HALLUX_A65_RU_PRINT.pdf\">\u041c\u041e\u041b\u041e\u0422\u041a\u041e\u041e\u0411\u0420\u0410\u0417\u041d\u042b\u0419 \u041f\u0410\u041b\u0415\u0426<\/a><\/li>\n<li><a href=\"https:\/\/ortopeediaarstid.ee\/wp-content\/uploads\/2018\/02\/KESKP\u00d6IA_PATOLOOGIAD_A65_RU_PRINT.pdf\">\u041f\u0410\u0422\u041e\u041b\u041e\u0413\u0418\u0418 \u0421\u0420\u0415\u0414\u041d\u0415\u0419<\/a> <a href=\"https:\/\/ortopeediaarstid.ee\/wp-content\/uploads\/2018\/02\/KESKP\u00d6IA_PATOLOOGIAD_A65_RU_PRINT.pdf\">\u0427\u0410\u0421\u0422\u0418<\/a><a href=\"https:\/\/ortopeediaarstid.ee\/wp-content\/uploads\/2018\/02\/KESKP\u00d6IA_PATOLOOGIAD_A65_RU_PRINT.pdf\"> \u0421\u0422\u041e\u041f\u042b<\/a><\/li>\n<\/ul>\n<p><span style=\"color: #000080;\"><strong>\u0410\u0420\u0422\u0420\u041e\u0421\u041a\u041e\u041f\u0418\u042f<\/strong><\/span><\/p>\n<ul>\n<li><a href=\"https:\/\/ortopeediaarstid.ee\/wp-content\/uploads\/2018\/02\/\u00d5LALIIGESE_ARTROSKOOPIA_A65_VENE_PRINT.pdf\">\u0410\u0420\u0422\u0420\u041e\u0421\u041a\u041e\u041f\u0418\u042f \u041f\u041b\u0415\u0427\u0415\u0412\u041e\u0413\u041e \u0421\u0423\u0421\u0422\u0410\u0412\u0410<\/a><\/li>\n<li><a href=\"https:\/\/ortopeediaarstid.ee\/wp-content\/uploads\/2018\/02\/PUUSALIIGESE_ARTROSKOOPIA_A65_VENE_PRINT.pdf\">\u0410\u0420\u0422\u0420\u041e\u0421\u041a\u041e\u041f\u0418\u042f <\/a><a href=\"https:\/\/ortopeediaarstid.ee\/wp-content\/uploads\/2018\/02\/PUUSALIIGESE_ARTROSKOOPIA_A65_VENE_PRINT.pdf\">\u0422\u0410\u0417\u041e\u0411\u0415\u0414\u0420\u0415\u041d\u041d\u041e\u0413\u041e<\/a><a href=\"https:\/\/ortopeediaarstid.ee\/wp-content\/uploads\/2018\/02\/PUUSALIIGESE_ARTROSKOOPIA_A65_VENE_PRINT.pdf\"> \u0421\u0423\u0421\u0422\u0410\u0412\u0410<\/a><\/li>\n<li><a href=\"https:\/\/ortopeediaarstid.ee\/wp-content\/uploads\/2018\/02\/H\u00dcPPELIIGESE_ARTROSKOOPIA_A65_VENE_PRINT.pdf\">\u0410\u0420\u0422\u0420\u041e\u0421\u041a\u041e\u041f\u0418\u042f<\/a><a href=\"https:\/\/ortopeediaarstid.ee\/wp-content\/uploads\/2018\/02\/H\u00dcPPELIIGESE_ARTROSKOOPIA_A65_VENE_PRINT.pdf\"> \u0413\u041e\u041b\u0415\u041d\u041e\u0421\u0422\u041e\u041f\u041d\u041e\u0413\u041e \u0421\u0423\u0421\u0422\u0410\u0412\u0410<\/a><\/li>\n<li><a href=\"https:\/\/ortopeediaarstid.ee\/wp-content\/uploads\/2018\/02\/K\u00dc\u00dcNARLIIGESE_ARTROSKOOPIA_A65_VENE_PRINT.pdf\">\u0410\u0420\u0422\u0420\u041e\u0421\u041a\u041e\u041f\u0418\u042f<\/a> <a href=\"https:\/\/ortopeediaarstid.ee\/wp-content\/uploads\/2018\/02\/K\u00dc\u00dcNARLIIGESE_ARTROSKOOPIA_A65_VENE_PRINT.pdf\">\u041b\u041e\u041a\u0422\u0415\u0412\u041e\u0413\u041e<\/a><a href=\"https:\/\/ortopeediaarstid.ee\/wp-content\/uploads\/2018\/02\/K\u00dc\u00dcNARLIIGESE_ARTROSKOOPIA_A65_VENE_PRINT.pdf\"> \u0421\u0423\u0421\u0422\u0410\u0412\u0410<\/a><\/li>\n<li><a href=\"https:\/\/ortopeediaarstid.ee\/wp-content\/uploads\/2018\/02\/RANDMELIIGESE_ARTROSKOOPIA_A65_VENE_PRINT.pdf\">\u0410\u0420\u0422\u0420\u041e\u0421\u041a\u041e\u041f\u0418\u042f<\/a><a href=\"https:\/\/ortopeediaarstid.ee\/wp-content\/uploads\/2018\/02\/RANDMELIIGESE_ARTROSKOOPIA_A65_VENE_PRINT.pdf\"> \u041b\u0423\u0427\u0415\u0417\u0410\u041f\u042f\u0421\u0422\u041d\u041e\u0413\u041e \u0421\u0423\u0421\u0422\u0410\u0412\u0410<\/a><\/li>\n<\/ul>\n<p><span style=\"color: #000080;\"><b>\u042d\u041d\u0414\u041e\u041f\u0420\u041e\u0422\u0415\u0417\u0418\u0420\u041e\u0412\u0410\u041d\u0418\u0415<\/b><\/span><\/p>\n<ul>\n<li><a href=\"https:\/\/ortopeediaarstid.ee\/wp-content\/uploads\/2018\/02\/PUUSALIIGESE_ENDOPROTEESIMINE_A65_VENE_PRINT.pdf\">\u042d\u041d\u0414\u041e\u041f\u0420\u041e\u0422\u0415\u0417\u0418\u0420\u041e\u0412\u0410\u041d\u0418\u0415<\/a><a href=\"https:\/\/ortopeediaarstid.ee\/wp-content\/uploads\/2018\/02\/PUUSALIIGESE_ENDOPROTEESIMINE_A65_VENE_PRINT.pdf\"> \u0422\u0410\u0417\u041e\u0411\u0415\u0414\u0420\u0415\u041d\u041d\u041e\u0413\u041e \u0421\u0423\u0421\u0422\u0410\u0412\u0410<\/a><\/li>\n<li><a href=\"https:\/\/ortopeediaarstid.ee\/wp-content\/uploads\/2018\/02\/P\u00d5LVELIIGESE_ENDOPROTEESIMINE_A65_VENE_PRINT.pdf\">\u042d\u041d\u0414\u041e\u041f\u0420\u041e\u0422\u0415\u0417\u0418\u0420\u041e\u0412\u0410\u041d\u0418\u0415 \u041a\u041e\u041b\u0415\u041d\u041d\u041e\u0413\u041e \u0421\u0423\u0421\u0422\u0410\u0412\u0410<\/a><\/li>\n<\/ul>\n<p><span style=\"color: #000080;\"><strong>\u041f\u0420\u041e\u0426\u0415\u0414\u0423\u0420\u042b<\/strong><\/span><\/p>\n<ul>\n<li><a href=\"https:\/\/ortopeediaarstid.ee\/wp-content\/uploads\/2018\/02\/PRP_PLASMAS\u00dcSTID_A4_RU_PRINT.pdf\">\u041b\u0415\u0427\u0415\u041d\u0418\u0415 \u041f\u041b\u0410\u0417\u041c\u041e\u0419<\/a><a href=\"https:\/\/ortopeediaarstid.ee\/wp-content\/uploads\/2018\/02\/PRP_PLASMAS\u00dcSTID_A4_RU_PRINT.pdf\"> \u041a\u0420\u041e\u0412\u0418 (PRP)<\/a><\/li>\n<li><a href=\"https:\/\/ortopeediaarstid.ee\/wp-content\/uploads\/2018\/02\/HORMOONS\u00dcSTID_A65_RU_PRINT.pdf\">\u0413\u041e\u0420\u041c\u041e\u041d\u0410\u041b\u042c\u041d\u042b\u0415<\/a><a href=\"https:\/\/ortopeediaarstid.ee\/wp-content\/uploads\/2018\/02\/HORMOONS\u00dcSTID_A65_RU_PRINT.pdf\"> \u0418\u041d\u042a\u0415\u041a\u0426\u0418\u0418, \u0418\u041b\u0418 \u0411\u041b\u041e\u041a\u0410\u0414\u042b<\/a><\/li>\n<\/ul>\n<p><span style=\"color: #000080;\"><strong>\u0414\u0415\u0422\u0421\u041a\u0410\u042f \u041e\u0420\u0422\u041e\u041f\u0415\u0414\u0418\u042f<\/strong><\/span><\/p>\n<ul>\n<li><a href=\"https:\/\/ortopeediaarstid.ee\/wp-content\/uploads\/2018\/03\/OA-v\u00e4ikelapse-jalgade-areng-A65-297x2103-RU.pdf\">\u0420\u0410\u0417\u0412\u0418\u0422\u0418\u0415 \u041d\u041e\u0413 \u0423<\/a><a href=\"https:\/\/ortopeediaarstid.ee\/wp-content\/uploads\/2018\/03\/OA-v\u00e4ikelapse-jalgade-areng-A65-297x2103-RU.pdf\"> \u041c\u0410\u041b\u0415\u041d\u042c\u041a\u0418\u0425 \u0414\u0415\u0422\u0415\u0419 \u0418 \u041e\u0420\u0422\u041e\u041f\u0415\u0414\u0418\u0427\u0415\u0421\u041a\u0410\u042f \u041e\u0411\u0423\u0412\u042c<\/a><\/li>\n<\/ul>\n","protected":false},"excerpt":{"rendered":"<p>\u041f\u041b\u0415\u0427\u041e \u0421\u0418\u041d\u0414\u0420\u041e\u041c \u0423\u0429\u0415\u041c\u041b\u0415\u041d\u0418\u042f \u041f\u041b\u0415\u0427\u0415\u0412\u041e\u0413\u041e \u0421\u0423\u0421\u0422\u0410\u0412\u0410 \u0420\u0410\u0417\u0420\u042b\u0412\u042b \u0420\u041e\u0422\u0410\u0422\u041e\u0420\u041d\u041e\u0419 \u041c\u0410\u041d\u0416\u0415\u0422\u042b \u0418 \u0422\u0415\u041d\u0414\u0418\u041d\u041e\u041f\u0410\u0422\u0418\u042f&#8230;<\/p>\n","protected":false},"author":7,"featured_media":0,"parent":735,"menu_order":6,"comment_status":"closed","ping_status":"closed","template":"","meta":{"_acf_changed":false,"footnotes":""},"class_list":["post-1742","page","type-page","status-publish","hentry"],"acf":[],"aioseo_notices":[],"_links":{"self":[{"href":"https:\/\/ortopeediaarstid.ee\/ru\/wp-json\/wp\/v2\/pages\/1742","targetHints":{"allow":["GET"]}}],"collection":[{"href":"https:\/\/ortopeediaarstid.ee\/ru\/wp-json\/wp\/v2\/pages"}],"about":[{"href":"https:\/\/ortopeediaarstid.ee\/ru\/wp-json\/wp\/v2\/types\/page"}],"author":[{"embeddable":true,"href":"https:\/\/ortopeediaarstid.ee\/ru\/wp-json\/wp\/v2\/users\/7"}],"replies":[{"embeddable":true,"href":"https:\/\/ortopeediaarstid.ee\/ru\/wp-json\/wp\/v2\/comments?post=1742"}],"version-history":[{"count":8,"href":"https:\/\/ortopeediaarstid.ee\/ru\/wp-json\/wp\/v2\/pages\/1742\/revisions"}],"predecessor-version":[{"id":3648,"href":"https:\/\/ortopeediaarstid.ee\/ru\/wp-json\/wp\/v2\/pages\/1742\/revisions\/3648"}],"up":[{"embeddable":true,"href":"https:\/\/ortopeediaarstid.ee\/ru\/wp-json\/wp\/v2\/pages\/735"}],"wp:attachment":[{"href":"https:\/\/ortopeediaarstid.ee\/ru\/wp-json\/wp\/v2\/media?parent=1742"}],"curies":[{"name":"wp","href":"https:\/\/api.w.org\/{rel}","templated":true}]}}